{"id":441,"date":"2025-10-15T08:42:19","date_gmt":"2025-10-15T08:42:19","guid":{"rendered":"https:\/\/gpoinversiones.com\/producto\/apartamento-costa-blanca\/"},"modified":"2025-11-08T20:56:12","modified_gmt":"2025-11-08T20:56:12","slug":"apartamento-costa-blanca","status":"publish","type":"product","link":"https:\/\/gpoinversiones.com\/en\/producto\/apartamento-costa-blanca\/","title":{"rendered":"Apartamento Costa Blanca"},"content":{"rendered":"","protected":false},"excerpt":{"rendered":"<p>Apartamento en Costa Blanca moderno con vistas al mar.<\/p>\n","protected":false},"featured_media":417,"comment_status":"open","ping_status":"closed","template":"","meta":{"_acf_changed":false,"iawp_total_views":0},"marca":[54,55],"product_brand":[],"product_cat":[115,116],"product_tag":[117,118,119],"class_list":{"0":"post-441","1":"product","2":"type-product","3":"status-publish","4":"has-post-thumbnail","6":"marca-gpo-inversiones","7":"marca-mediterraneo","8":"product_cat-apartamentos-en","9":"product_cat-inmuebles-en","10":"product_tag-apartamento-en","11":"product_tag-costa-blanca-en","12":"product_tag-inmobiliario-en","14":"first","15":"instock","16":"sale","17":"shipping-taxable","18":"purchasable","19":"product-type-simple"},"acf":[],"yoast_head":"<!-- This site is optimized with the Yoast SEO plugin v27.3 - https:\/\/yoast.com\/product\/yoast-seo-wordpress\/ -->\n<title>GPO Inversiones - Casas R\u00fasticas y Acogedoras<\/title>\n<meta name=\"description\" content=\"Descubra casas amplias y luminosas, decoradas con mobiliario r\u00fastico castellano. Disfrute de desayuno incluido en cada estad\u00eda.\" \/>\n<meta name=\"robots\" content=\"index, follow, max-snippet:-1, max-image-preview:large, max-video-preview:-1\" \/>\n<link rel=\"canonical\" href=\"https:\/\/gpoinversiones.com\/en\/producto\/apartamento-costa-blanca\/\" \/>\n<meta property=\"og:locale\" content=\"en_US\" \/>\n<meta property=\"og:type\" content=\"article\" \/>\n<meta property=\"og:title\" content=\"GPO Inversiones - Casas R\u00fasticas y Acogedoras\" \/>\n<meta property=\"og:description\" content=\"Descubra casas amplias y luminosas, decoradas con mobiliario r\u00fastico castellano. Disfrute de desayuno incluido en cada estad\u00eda.\" \/>\n<meta property=\"og:url\" content=\"https:\/\/gpoinversiones.com\/en\/producto\/apartamento-costa-blanca\/\" \/>\n<meta property=\"og:site_name\" content=\"GPO Inversiones\" \/>\n<meta property=\"article:modified_time\" content=\"2025-11-08T20:56:12+00:00\" \/>\n<meta property=\"og:image\" content=\"https:\/\/gpoinversiones.com\/wp-content\/uploads\/2025\/10\/Leonardo_Vision_XL_Disear_una_imagen_de_un_exclusivo_apartamen_0.jpg\" \/>\n\t<meta property=\"og:image:width\" content=\"1792\" \/>\n\t<meta property=\"og:image:height\" content=\"1456\" \/>\n\t<meta property=\"og:image:type\" content=\"image\/jpeg\" \/>\n<meta name=\"twitter:card\" content=\"summary_large_image\" \/>\n<!-- \/ Yoast SEO plugin. -->","yoast_head_json":{"title":"GPO Inversiones - Casas R\u00fasticas y Acogedoras","description":"Descubra casas amplias y luminosas, decoradas con mobiliario r\u00fastico castellano. Disfrute de desayuno incluido en cada estad\u00eda.","robots":{"index":"index","follow":"follow","max-snippet":"max-snippet:-1","max-image-preview":"max-image-preview:large","max-video-preview":"max-video-preview:-1"},"canonical":"https:\/\/gpoinversiones.com\/en\/producto\/apartamento-costa-blanca\/","og_locale":"en_US","og_type":"article","og_title":"GPO Inversiones - Casas R\u00fasticas y Acogedoras","og_description":"Descubra casas amplias y luminosas, decoradas con mobiliario r\u00fastico castellano. Disfrute de desayuno incluido en cada estad\u00eda.","og_url":"https:\/\/gpoinversiones.com\/en\/producto\/apartamento-costa-blanca\/","og_site_name":"GPO Inversiones","article_modified_time":"2025-11-08T20:56:12+00:00","og_image":[{"width":1792,"height":1456,"url":"https:\/\/gpoinversiones.com\/wp-content\/uploads\/2025\/10\/Leonardo_Vision_XL_Disear_una_imagen_de_un_exclusivo_apartamen_0.jpg","type":"image\/jpeg"}],"twitter_card":"summary_large_image","schema":{"@context":"https:\/\/schema.org","@graph":[{"@type":"WebPage","@id":"https:\/\/gpoinversiones.com\/en\/producto\/apartamento-costa-blanca\/","url":"https:\/\/gpoinversiones.com\/en\/producto\/apartamento-costa-blanca\/","name":"GPO Inversiones - Casas R\u00fasticas y Acogedoras","isPartOf":{"@id":"https:\/\/gpoinversiones.com\/en\/#website"},"primaryImageOfPage":{"@id":"https:\/\/gpoinversiones.com\/en\/producto\/apartamento-costa-blanca\/#primaryimage"},"image":{"@id":"https:\/\/gpoinversiones.com\/en\/producto\/apartamento-costa-blanca\/#primaryimage"},"thumbnailUrl":"https:\/\/gpoinversiones.com\/wp-content\/uploads\/2025\/10\/Leonardo_Vision_XL_Disear_una_imagen_de_un_exclusivo_apartamen_0.jpg","datePublished":"2025-10-15T08:42:19+00:00","dateModified":"2025-11-08T20:56:12+00:00","description":"Descubra casas amplias y luminosas, decoradas con mobiliario r\u00fastico castellano. Disfrute de desayuno incluido en cada estad\u00eda.","breadcrumb":{"@id":"https:\/\/gpoinversiones.com\/en\/producto\/apartamento-costa-blanca\/#breadcrumb"},"inLanguage":"en-US","potentialAction":[{"@type":"ReadAction","target":["https:\/\/gpoinversiones.com\/en\/producto\/apartamento-costa-blanca\/"]}]},{"@type":"ImageObject","inLanguage":"en-US","@id":"https:\/\/gpoinversiones.com\/en\/producto\/apartamento-costa-blanca\/#primaryimage","url":"https:\/\/gpoinversiones.com\/wp-content\/uploads\/2025\/10\/Leonardo_Vision_XL_Disear_una_imagen_de_un_exclusivo_apartamen_0.jpg","contentUrl":"https:\/\/gpoinversiones.com\/wp-content\/uploads\/2025\/10\/Leonardo_Vision_XL_Disear_una_imagen_de_un_exclusivo_apartamen_0.jpg","width":1792,"height":1456},{"@type":"BreadcrumbList","@id":"https:\/\/gpoinversiones.com\/en\/producto\/apartamento-costa-blanca\/#breadcrumb","itemListElement":[{"@type":"ListItem","position":1,"name":"Portada","item":"https:\/\/gpoinversiones.com\/en\/"},{"@type":"ListItem","position":2,"name":"Tienda","item":"https:\/\/gpoinversiones.com\/en\/tienda\/"},{"@type":"ListItem","position":3,"name":"Apartamento Costa Blanca"}]},{"@type":"WebSite","@id":"https:\/\/gpoinversiones.com\/en\/#website","url":"https:\/\/gpoinversiones.com\/en\/","name":"GPO Inversiones","description":"Asesor inmobiliario","publisher":{"@id":"https:\/\/gpoinversiones.com\/en\/#organization"},"potentialAction":[{"@type":"SearchAction","target":{"@type":"EntryPoint","urlTemplate":"https:\/\/gpoinversiones.com\/en\/?s={search_term_string}"},"query-input":{"@type":"PropertyValueSpecification","valueRequired":true,"valueName":"search_term_string"}}],"inLanguage":"en-US"},{"@type":"Organization","@id":"https:\/\/gpoinversiones.com\/en\/#organization","name":"GPO Inversiones","url":"https:\/\/gpoinversiones.com\/en\/","logo":{"@type":"ImageObject","inLanguage":"en-US","@id":"https:\/\/gpoinversiones.com\/en\/#\/schema\/logo\/image\/","url":"https:\/\/gpoinversiones.com\/wp-content\/uploads\/2025\/10\/68ef5275cf36b_Imagen-de-WhatsApp-2025-10-13-a-las-16.35.28_658b42f7.png","contentUrl":"https:\/\/gpoinversiones.com\/wp-content\/uploads\/2025\/10\/68ef5275cf36b_Imagen-de-WhatsApp-2025-10-13-a-las-16.35.28_658b42f7.png","width":1024,"height":1024,"caption":"GPO Inversiones"},"image":{"@id":"https:\/\/gpoinversiones.com\/en\/#\/schema\/logo\/image\/"}}]}},"_links":{"self":[{"href":"https:\/\/gpoinversiones.com\/en\/wp-json\/wp\/v2\/product\/441","targetHints":{"allow":["GET"]}}],"collection":[{"href":"https:\/\/gpoinversiones.com\/en\/wp-json\/wp\/v2\/product"}],"about":[{"href":"https:\/\/gpoinversiones.com\/en\/wp-json\/wp\/v2\/types\/product"}],"replies":[{"embeddable":true,"href":"https:\/\/gpoinversiones.com\/en\/wp-json\/wp\/v2\/comments?post=441"}],"wp:featuredmedia":[{"embeddable":true,"href":"https:\/\/gpoinversiones.com\/en\/wp-json\/wp\/v2\/media\/417"}],"wp:attachment":[{"href":"https:\/\/gpoinversiones.com\/en\/wp-json\/wp\/v2\/media?parent=441"}],"wp:term":[{"taxonomy":"marca","embeddable":true,"href":"https:\/\/gpoinversiones.com\/en\/wp-json\/wp\/v2\/marca?post=441"},{"taxonomy":"product_brand","embeddable":true,"href":"https:\/\/gpoinversiones.com\/en\/wp-json\/wp\/v2\/product_brand?post=441"},{"taxonomy":"product_cat","embeddable":true,"href":"https:\/\/gpoinversiones.com\/en\/wp-json\/wp\/v2\/product_cat?post=441"},{"taxonomy":"product_tag","embeddable":true,"href":"https:\/\/gpoinversiones.com\/en\/wp-json\/wp\/v2\/product_tag?post=441"}],"curies":[{"name":"wp","href":"https:\/\/api.w.org\/{rel}","templated":true}]}}