{"id":470,"date":"2025-10-15T08:16:35","date_gmt":"2025-10-15T08:16:35","guid":{"rendered":"https:\/\/gpoinversiones.com\/proyectos\/"},"modified":"2026-01-13T16:21:05","modified_gmt":"2026-01-13T16:21:05","slug":"proyectos","status":"publish","type":"page","link":"https:\/\/gpoinversiones.com\/en\/servicios\/proyectos\/","title":{"rendered":"PROYECTOS"},"content":{"rendered":"<section class=\"header_15_2\" id=\"\" style=\"background-image:url('https:\/\/gpoinversiones.com\/wp-content\/uploads\/2025\/10\/portfoliochil-1-1.jpg');\"\r\n    aria-label=\"\" data-block-id=\"69e135f53148969e135f53148a\" data-block-name=\"acf\/header-15-2\" data-post-id=\"470\" data-stable-id=\"block_2d4ef56adcbc6ef0918a2571c361e001\">\r\n    <div class=\"mask\"><\/div>\r\n    <div class=\"container\" data-aos=\"fade-up\">\r\n        <div class=\"row\">\r\n            <div class=\"col \">\r\n                                <h1 class=\"tamano2 color-2-headings-light\">PROYECTOS <\/h1>\r\n                                            <\/div>\r\n        <\/div>\r\n    <\/div>\r\n<\/section>\r\n<style>\r\n    .header_15_2 .col {\r\n        max-width: 895px;\r\n    }\r\n\r\n    .header_15_2 .mask {\r\n        background: rgba(18, 18, 18, 0.50);\r\n        \/* background: rgba(255, 255, 255, 0.50); *\/\r\n        position: absolute;\r\n        top: 0;\r\n        left: 0;\r\n        width: 100%;\r\n        height: 100%;\r\n    }\r\n\r\n    .header_15_2 h1 {\r\n        padding-bottom: 25px;\r\n    }\r\n\r\n    .header_15_2 {\r\n        position: relative;\r\n        min-height: 500px;\r\n        background-position: center;\r\n        background-repeat: no-repeat;\r\n        background-size: cover;\r\n        padding: 150px 0;\r\n        display: flex;\r\n        align-items: center;\r\n        padding-top: 195px\r\n    }\r\n\r\n    .header_15_2-center {\r\n        text-align: center;\r\n        margin: 0 auto;\r\n    }\r\n\r\n    @media (max-width:992px) {\r\n        .header_15_2 {\r\n            padding: 100px 0;\r\n            min-height: auto;\r\n        }\r\n    }\r\n\r\n    @media (max-width:768px) {\r\n        .header_15_2 h1 {\r\n            line-height: var(--tamano3-line-height);\r\n        }\r\n\r\n        .header_15_2 {\r\n            padding: 180px 0 100px;\r\n        }\r\n    }\r\n<\/style>\r\n\n\n<section class=\"aboutus_14_1 background-1-light\" id=\"\"\r\n    original-block-id=\"block_a27af5288821e8d36ccd33520ff4bf3d\" data-block-id=\"69e135f53390f69e135f533910\" data-block-name=\"acf\/about-us-14-1\" data-post-id=\"470\" data-stable-id=\"block_a27af5288821e8d36ccd33520ff4bf3d\">\r\n    <div class=\"container\">\r\n        <div class=\"row\" data-aos=\"fade-up\">\r\n            <div class=\"col col-titulo\">\r\n                                <h2 class=\"titulo tamano2 color-1-headings-dark\"><span class=\"ez-toc-section\" id=\"Transforma_tus_suenos_en_realidad_con_nuestros_proyectos_de_arquitectura\"><\/span>Transforma tus sue\u00f1os en realidad con nuestros proyectos de arquitectura<span class=\"ez-toc-section-end\"><\/span><\/h2>\r\n                            <\/div>\r\n            <div class=\"col col-down\">\r\n\r\n                                <div class=\"textos\">\r\n                                        <div class=\"texto color-1-body-dark tamano7\">\r\n                        <p><strong>En GPO INVERSIONES entendemos que cada espacio cuenta una historia \u00fanica. Nos especializamos en dise\u00f1ar proyectos arquitect\u00f3nicos que no solo cumplen con tus necesidades funcionales, sino que tambi\u00e9n reflejan tu estilo y visi\u00f3n personal.<\/strong><\/p>\n<p>&nbsp;<\/p>\n                    <\/div>\r\n                    \r\n                                        <div class=\"texto color-1-body-dark tamano7 hide\">\r\n                        <p><strong>Dales vida a tus proyectos de arquitectura! Cont\u00e1ctanos hoy para una consulta gratuita y descubre como podemos transformar tu espacio en un lugar excepcional.<br \/>\nTu visi\u00f3n, nuestra pasi\u00f3n.<br \/>\n\u00a1Construyamos juntos el futuro!<\/strong><\/p>\n                    <\/div>\r\n                                    <\/div>\r\n\r\n                                <div class=\"vermas tamano7 boton-4-texto-normal\">\r\n                    <span class=\"mas tamano7 boton-4-texto-normal\">Read more<\/span>\r\n                    <span class=\"menos hide tamano7 boton-4-texto-normal\">Read less<\/span>\r\n                    <svg width=\"13\" height=\"8\" viewBox=\"0 0 13 8\" fill=\"none\"\r\n                        xmlns=\"http:\/\/www.w3.org\/2000\/svg\">\r\n                        <path id=\"Vector 14\" d=\"M1 1L6.5 6.5L12 1\" stroke=\"currentColor\" stroke-width=\"1.5\" \/>\r\n                    <\/svg>\r\n                <\/div>\r\n                                \r\n                \r\n            <\/div>\r\n        <\/div>\r\n    <\/div>\r\n<\/section>\r\n<style>\r\n    .aboutus_14_1 .vermas .hide {\r\n        display: none;\r\n    }\r\n\r\n    .aboutus_14_1 .vermas.show svg {\r\n        transform: rotate(180deg);\r\n    }\r\n\r\n    .aboutus_14_1 .vermas {\r\n        display: none;\r\n        margin-top: 20px;\r\n        align-items: center;\r\n        gap: 10px;\r\n        cursor: pointer;\r\n    }\r\n\r\n    .aboutus_14_1 .vermas span {\r\n        font-weight: var(--tamano5-font-weight);\r\n    }\r\n\r\n    .aboutus_14_1 .btn-round {\r\n        border-radius: 60px;\r\n        padding: 12px 25px !important;\r\n        display: inline-block;\r\n        min-width: 175px;\r\n        text-align: center;\r\n        text-decoration: none;\r\n        margin-top: 40px;\r\n    }\r\n\r\n    .aboutus_14_1 .texto {\r\n        display: flex;\r\n        flex-direction: column;\r\n        gap: 20px;\r\n    }\r\n\r\n    .aboutus_14_1 h2 {\r\n        padding-bottom: 55px;\r\n    }\r\n\r\n    .aboutus_14_1 .textos .texto {\r\n        width: 50%;\r\n    }\r\n\r\n    .aboutus_14_1 .textos {\r\n        display: flex;\r\n        gap: 30px;\r\n    }\r\n\r\n    .aboutus_14_1 {\r\n        position: relative;\r\n        background-position: center;\r\n        background-repeat: no-repeat;\r\n        background-size: cover;\r\n        padding: 81px 150px;\r\n        margin-top: -1px;\r\n    }\r\n\r\n    @media (max-width:1550px) {\r\n        .aboutus_14_1 {\r\n            padding-left: 50px;\r\n            padding-right: 50px;\r\n        }\r\n    }\r\n\r\n    @media (max-width:1200px) {\r\n        .aboutus_14_1 {\r\n            padding-left: 0;\r\n            padding-right: 0;\r\n        }\r\n    }\r\n\r\n    @media (max-width:992px) {\r\n        .aboutus_14_1 .textos {\r\n            flex-direction: column;\r\n            gap: 20px;\r\n        }\r\n\r\n        .aboutus_14_1 .textos .texto {\r\n            width: 100%;\r\n        }\r\n\r\n        .aboutus_14_1 h2 {\r\n            padding-bottom: 35px;\r\n        }\r\n\r\n        .aboutus_14_1 {\r\n            padding: 40px 0;\r\n        }\r\n    }\r\n\r\n    @media (max-width: 768px) {\r\n\r\n        .aboutus_14_1 .textos .texto:first-child p:not(:first-child),\r\n        .aboutus_14_1 .textos .texto:nth-child(2) {\r\n            display: none;\r\n        }\r\n\r\n        .aboutus_14_1 .textos .texto:first-child.show p:not(:first-child),\r\n        .aboutus_14_1 .textos .texto:nth-child(2).show {\r\n            display: block;\r\n        }\r\n\r\n        .aboutus_14_1 .vermas {\r\n            display: flex;\r\n            width: max-content;\r\n        }\r\n\r\n        .aboutus_14_1 h2 {\r\n            line-height: var(--tamano4-line-height);\r\n        }\r\n    }\r\n<\/style>\r\n<script>\r\n    jQuery(document).ready(function($) {\r\n        const $instance = $('.aboutus_14_1[original-block-id=\"block_a27af5288821e8d36ccd33520ff4bf3d\"]');\r\n\r\n        if (!$instance.length) return;\r\n\r\n        $instance.on('click', '.vermas', function() {\r\n            if (window.matchMedia(\"(max-width: 768px)\").matches) {\r\n                const $vermas = $(this);\r\n                const $textos = $instance.find('.texto');\r\n\r\n                $textos.toggleClass('show');\r\n                $vermas.toggleClass('show');\r\n                $vermas.find('span').toggleClass('hide');\r\n            }\r\n        });\r\n    });\r\n<\/script>\r\n\n\n<section class=\"portfolios_home_4_1 background-1-light\" data-block-id=\"69e135f53544c69e135f53544d\" data-block-name=\"acf\/portfolio-home-4-1\" data-post-id=\"470\" data-stable-id=\"block_fbeac4a5bc97afe20c9d3f63ca0198fd\">\r\n    <div class=\"container\">\r\n        <div class=\"row\">\r\n            <div class=\"col col-top\" data-aos=\"fade-up\">\r\n                                <h2 class=\"tamano2 color-1-headings-dark\"><span class=\"ez-toc-section\" id=\"Proyectos_GPO\"><\/span>Proyectos GPO<span class=\"ez-toc-section-end\"><\/span><\/h2>\r\n                                            <\/div>\r\n            <div class=\"col col-portfolios\">\r\n                                <a href=\"https:\/\/gpoinversiones.com\/en\/portfolio\/proyecto-cerca-a-la-playa\/\" class=\"portfolio-item\" data-aos=\"fade-up\"\r\n                    style=\"background-image: url('https:\/\/gpoinversiones.com\/wp-content\/uploads\/2025\/11\/ENTORNO-DIA-1.jpeg');\"\r\n                    aria-label=\"\">\r\n                    <div class=\"mask\"><\/div>\r\n                    <div class=\"meta\">\r\n                        <h3 class=\"tamano5 boton-5-texto-normal\">Proyecto cerca de la playa<\/h3>\r\n                                                <div class=\"subtitulo tamano7 color-2-headings-light\">\r\n                            Playa                        <\/div>\r\n                                            <\/div>\r\n                                    <\/a>\r\n                            <\/div>\r\n                        <div class=\"col col-enlace\" data-aos=\"fade-up\">\r\n                <a class=\"tamano-7-mediumcta\" href=\"https:\/\/gpoinversiones.com\/en\/portfolio\/\"\r\n                    target=\"\">Ver portfolios<\/a>\r\n            <\/div>\r\n                    <\/div>\r\n    <\/div>\r\n<\/section>\r\n<style>\r\n    .portfolios_home_4_1 h2 {\r\n        padding-bottom: 25px;\r\n        text-align: center;\r\n    }\r\n\r\n    .portfolios_home_4_1 .col-top .texto {\r\n        max-width: 600px;\r\n        text-align: center;\r\n        margin: 0 auto;\r\n        margin-bottom: 80px;\r\n    }\r\n\r\n    .portfolios_home_4_1 .col-portfolios .portfolio-item:hover .mmask,\r\n    .portfolios_home_4_1 .col-portfolios .portfolio-item:hover .meta {\r\n        opacity: 1;\r\n        visibility: visible;\r\n    }\r\n\r\n    .portfolios_home_4_1 .col-portfolios .portfolio-item .mmask,\r\n    .portfolios_home_4_1 .col-portfolios .portfolio-item .meta {\r\n        opacity: 0;\r\n        visibility: hidden;\r\n        transition: all ease .3s;\r\n    }\r\n\r\n    .portfolios_home_4_1 .col-portfolios .portfolio-item .meta {\r\n        padding: 15px;\r\n    }\r\n\r\n    .portfolios_home_4_1 .col-portfolios .portfolio-item .meta {\r\n        position: relative;\r\n        z-index: 1;\r\n    }\r\n\r\n    .portfolios_home_4_1 .col-portfolios .portfolio-item .play path {\r\n        fill: var(--color-logotipo-negative);\r\n    }\r\n\r\n    .portfolios_home_4_1 .col-portfolios .portfolio-item:hover .play {\r\n        visibility: hidden;\r\n        opacity: 0;\r\n    }\r\n\r\n    .portfolios_home_4_1 .col-portfolios .portfolio-item .play {\r\n        position: absolute;\r\n        top: 50%;\r\n        left: 50%;\r\n        transform: translate(-50%, -50%);\r\n        visibility: visible;\r\n        opacity: 1;\r\n        transition: all ease .3s;\r\n    }\r\n\r\n    .portfolios_home_4_1 .col-portfolios .portfolio-item h3 {\r\n        padding-bottom: 5px;\r\n    }\r\n\r\n    .portfolios_home_4_1 .col-portfolios .portfolio-item {\r\n        position: relative;\r\n    }\r\n\r\n    .portfolios_home_4_1 .col-portfolios .portfolio-item {\r\n        width: calc(25% - 7.5px);\r\n        height: 310px;\r\n        background-position: center;\r\n        background-size: cover;\r\n        cursor: pointer;\r\n        text-decoration: none;\r\n        background-repeat: no-repeat;\r\n    }\r\n\r\n    .portfolios_home_4_1 .col-enlace {\r\n        text-align: center;\r\n    }\r\n\r\n    .portfolios_home_4_1 .col-enlace a {\r\n        color: var(--color-boton-2-normal);\r\n        text-decoration: none;\r\n        text-align: center;\r\n    }\r\n\r\n    .portfolios_home_4_1 .col-portfolios {\r\n        display: flex;\r\n        margin-bottom: 25px;\r\n        gap: 10px;\r\n        flex-wrap: wrap;\r\n    }\r\n\r\n    .portfolios_home_4_1 .col-portfolios .mask {\r\n        background: rgba(0, 0, 0, 0.20);\r\n        position: absolute;\r\n        width: 100%;\r\n        height: 100%;\r\n        top: 0;\r\n        left: 0;\r\n    }\r\n\r\n    .portfolios_home_4_1 .col-top {\r\n        max-width: 1200px;\r\n        margin: 0 auto;\r\n    }\r\n\r\n    .portfolios_home_4_1 {\r\n        padding: 80px 0;\r\n    }\r\n\r\n    @media (max-width:1550px) {\r\n        .portfolios_home_4_1 .col-portfolios .portfolio-item {\r\n            height: 275px;\r\n        }\r\n    }\r\n\r\n    @media (max-width:1200px) {\r\n        .portfolios_home_4_1 .col-portfolios .portfolio-item {\r\n            height: 425px;\r\n            width: calc(50% - 5px);\r\n        }\r\n    }\r\n\r\n    @media (max-width:992px) {\r\n        .portfolios_home_4_1 .col-portfolios .portfolio-item {\r\n            height: 425px;\r\n        }\r\n\r\n        .portfolios_home_4_1 .col-top .texto {\r\n            margin-bottom: 40px;\r\n        }\r\n\r\n        .portfolios_home_4_1 .col-portfolios .portfolio-item {\r\n            width: 100%;\r\n        }\r\n\r\n        .portfolios_home_4_1 {\r\n            padding: 40px 0;\r\n        }\r\n    }\r\n\r\n    @media (max-width:480px) {\r\n        .portfolios_home_4_1 .col-portfolios .portfolio-item {\r\n            height: 360px;\r\n        }\r\n    }\r\n<\/style>\r\n\n\n<section class=\"cta_curvy1_3_1_2 background-1-light\" id=\"\" data-block-id=\"69e135f537dda69e135f537ddb\" data-block-name=\"acf\/cta-curvy1-3-1-2\" data-post-id=\"470\" data-stable-id=\"block_1bb0bbc613e557ea43fa5e5f7d9db393\">\r\n    <div class=\"container\">\r\n        <div class=\"row\">\r\n            <div class=\"col\">\r\n                <div class=\"inner background-1-dark\">\r\n                                        <div class=\"titulo\">\r\n                        <h2 class=\"tamano3 color-2-headings-light\"><span class=\"ez-toc-section\" id=\"%C2%BFNecesitas_un_antes_y_despues_en_tu_casa\"><\/span>\u00bfNecesitas un antes y despu\u00e9s en tu casa?<span class=\"ez-toc-section-end\"><\/span><\/h2>\r\n                    <\/div>\r\n                                                            <div class=\"texto color-2-body-light tamano7\"><p>Escr\u00edbenos. Estaremos encantados de atenderte y conseguir convertir\u00a0 tu hogar, en la casa de tus sue\u00f1os.<\/p>\n<\/div>\r\n                                                                <div class=\"ctas\">\r\n                                                            <a href=\"https:\/\/gpoinversiones.com\/contacto\/\" target=\"\" class=\"btn-round tamano-7-mediumcta color-boton-3-texto-normal color-boton-3-texto-hover color-boton-3-normal color-boton-3-hover\">\r\n    \r\n    <span>Aqu\u00ed<\/span>\r\n<\/a>\r\n\r\n<style>\r\n    .btn-border-rounded {\r\n        border-radius: 12px !important;\r\n    }\r\n\r\n    .btn-border-square {\r\n        border-radius: 0 !important;\r\n    }\r\n\r\n    \/* Estilos de hover *\/\r\n    .btn-hover-hover1:hover {\r\n        filter: contrast(0.55);\r\n    }\r\n\r\n    .btn-hover-hover2:hover {\r\n        filter: sepia(2);\r\n    }\r\n\r\n    \/* Estilos del icono cuando existe *\/\r\n    a i {\r\n        margin-right: 8px;\r\n        font-size: 16px;\r\n    }\r\n\r\n    \/* Icono Lucide *\/\r\n    .btn-icon--lucide {\r\n        display: inline-flex;\r\n        align-items: center;\r\n        justify-content: center;\r\n        margin-right: 8px;\r\n    }\r\n\r\n    .btn-icon--lucide svg {\r\n        width: 16px;\r\n        height: 16px;\r\n        display: block;\r\n    }\r\n<\/style>\r\n                                                    <\/div>\r\n                                    <\/div>\r\n            <\/div>\r\n        <\/div>\r\n    <\/div>\r\n<\/section>\r\n<style>\r\n    .cta_curvy1_3_1_2 .inner {\r\n        display: flex;\r\n        gap: 30px;\r\n        border-radius: 30px;\r\n        align-items: center;\r\n        padding: 55px 150px;\r\n        justify-content: space-between;\r\n    }\r\n\r\n     .cta_curvy1_3_1_2 .titulo {\r\n        max-width: 430px;\r\n        width: 100%;\r\n    }\r\n\r\n    .cta_curvy1_3_1_2 .texto {\r\n        max-width: 660px;\r\n        text-align: left;\r\n        width: 100%;\r\n    }\r\n\r\n    .cta_curvy1_3_1_2 {\r\n        padding: 80px 0;\r\n        position: relative;\r\n    }\r\n\r\n    .cta_curvy1_3_1_2 .btn-round {\r\n        border-radius: 60px;\r\n        padding: 15px 30px;\r\n        display: inline-block;\r\n        text-align: center;\r\n        transition: all ease .3s;\r\n        text-decoration: none;\r\n        min-width: 278px;\r\n        display: flex;\r\n        align-items: center;\r\n        justify-content: center;\r\n    }\r\n\r\n    @media (max-width:1750px) {\r\n        .cta_curvy1_3_1_2 .texto {\r\n            max-width: 500px;\r\n        }\r\n    }\r\n\r\n    @media (max-width:1600px) {\r\n        .cta_curvy1_3_1_2 .inner {\r\n            padding-left: 50px;\r\n            padding-right: 50px;\r\n        }\r\n    }\r\n\r\n    @media (max-width:1400px) {\r\n        .cta_curvy1_3_1_2 .texto {\r\n            max-width: 100%;\r\n        }\r\n\r\n        .cta_curvy1_3_1_2 .titulo {\r\n            width: 100%;\r\n        }\r\n    }\r\n\r\n    @media (max-width:1200px) {\r\n        .cta_curvy1_3_1_2 .inner {\r\n            padding-left: 15px;\r\n            padding-right: 15px;\r\n        }\r\n    }\r\n\r\n    @media (max-width:992px) {\r\n        .cta_curvy1_3_1_2 .col .inner {\r\n            border-radius: 30px;\r\n            flex-direction: column;\r\n            align-items: center;\r\n            justify-content: center;\r\n        }\r\n\r\n         .cta_curvy1_3_1_2 .col .inner>* {\r\n            width: 100%;\r\n            max-width: 100%;\r\n            text-align: left;\r\n        }\r\n\r\n        .cta_curvy1_3_1_2 .inner {\r\n            padding: 33px 23px;\r\n        }\r\n\r\n        .cta_curvy1_3_1_2 .col .ctas {\r\n            display: flex;\r\n            align-items: center;\r\n            justify-content: start;\r\n        }\r\n\r\n        .cta_curvy1_3_1_2 .col {\r\n            flex-direction: column;\r\n            justify-content: center;\r\n            align-items: center;\r\n        }\r\n\r\n        .cta_curvy1_3_1_2 {\r\n            padding: 40px 0;\r\n        }\r\n\r\n        .cta_curvy1_3_1_2 .btn-round {\r\n            min-width: 240px\r\n        }\r\n\r\n        .cta_curvy1_3_1_2 .titulo h2 {\r\n            line-height: var(--tamano5-line-height);\r\n        }\r\n    }\r\n<\/style>\r\n","protected":false},"excerpt":{"rendered":"","protected":false},"author":1,"featured_media":337,"parent":472,"menu_order":0,"comment_status":"open","ping_status":"closed","template":"","meta":{"_acf_changed":false,"iawp_total_views":2,"footnotes":""},"class_list":["post-470","page","type-page","status-publish","has-post-thumbnail","hentry"],"acf":[],"yoast_head":"<!-- This site is optimized with the Yoast SEO plugin v27.4 - https:\/\/yoast.com\/product\/yoast-seo-wordpress\/ -->\n<title>Proyectos de Arquitectura GPO Inversiones<\/title>\n<meta name=\"description\" content=\"Transforma tus sue\u00f1os en realidad con GPO Inversiones: dise\u00f1o arquitect\u00f3nico que refleja tu estilo y visi\u00f3n personal. Cont\u00e1ctanos para una consulta gratuita.\" \/>\n<meta name=\"robots\" content=\"index, follow, max-snippet:-1, max-image-preview:large, max-video-preview:-1\" \/>\n<link rel=\"canonical\" href=\"https:\/\/gpoinversiones.com\/en\/servicios\/proyectos\/\" \/>\n<meta property=\"og:locale\" content=\"en_US\" \/>\n<meta property=\"og:type\" content=\"article\" \/>\n<meta property=\"og:title\" content=\"Proyectos de Arquitectura GPO Inversiones\" \/>\n<meta property=\"og:description\" content=\"Transforma tus sue\u00f1os en realidad con GPO Inversiones: dise\u00f1o arquitect\u00f3nico que refleja tu estilo y visi\u00f3n personal. Cont\u00e1ctanos para una consulta gratuita.\" \/>\n<meta property=\"og:url\" content=\"https:\/\/gpoinversiones.com\/en\/servicios\/proyectos\/\" \/>\n<meta property=\"og:site_name\" content=\"GPO Inversiones\" \/>\n<meta property=\"article:modified_time\" content=\"2026-01-13T16:21:05+00:00\" \/>\n<meta property=\"og:image\" content=\"https:\/\/gpoinversiones.com\/wp-content\/uploads\/2025\/10\/portfoliochil-1-1.jpg\" \/>\n\t<meta property=\"og:image:width\" content=\"1512\" \/>\n\t<meta property=\"og:image:height\" content=\"851\" \/>\n\t<meta property=\"og:image:type\" content=\"image\/jpeg\" \/>\n<meta name=\"twitter:card\" content=\"summary_large_image\" \/>\n<!-- \/ Yoast SEO plugin. -->","yoast_head_json":{"title":"Proyectos de Arquitectura GPO Inversiones","description":"Transforma tus sue\u00f1os en realidad con GPO Inversiones: dise\u00f1o arquitect\u00f3nico que refleja tu estilo y visi\u00f3n personal. Cont\u00e1ctanos para una consulta gratuita.","robots":{"index":"index","follow":"follow","max-snippet":"max-snippet:-1","max-image-preview":"max-image-preview:large","max-video-preview":"max-video-preview:-1"},"canonical":"https:\/\/gpoinversiones.com\/en\/servicios\/proyectos\/","og_locale":"en_US","og_type":"article","og_title":"Proyectos de Arquitectura GPO Inversiones","og_description":"Transforma tus sue\u00f1os en realidad con GPO Inversiones: dise\u00f1o arquitect\u00f3nico que refleja tu estilo y visi\u00f3n personal. Cont\u00e1ctanos para una consulta gratuita.","og_url":"https:\/\/gpoinversiones.com\/en\/servicios\/proyectos\/","og_site_name":"GPO Inversiones","article_modified_time":"2026-01-13T16:21:05+00:00","og_image":[{"width":1512,"height":851,"url":"https:\/\/gpoinversiones.com\/wp-content\/uploads\/2025\/10\/portfoliochil-1-1.jpg","type":"image\/jpeg"}],"twitter_card":"summary_large_image","schema":{"@context":"https:\/\/schema.org","@graph":[{"@type":"WebPage","@id":"https:\/\/gpoinversiones.com\/en\/servicios\/proyectos\/","url":"https:\/\/gpoinversiones.com\/en\/servicios\/proyectos\/","name":"Proyectos de Arquitectura GPO Inversiones","isPartOf":{"@id":"https:\/\/gpoinversiones.com\/en\/#website"},"primaryImageOfPage":{"@id":"https:\/\/gpoinversiones.com\/en\/servicios\/proyectos\/#primaryimage"},"image":{"@id":"https:\/\/gpoinversiones.com\/en\/servicios\/proyectos\/#primaryimage"},"thumbnailUrl":"https:\/\/gpoinversiones.com\/wp-content\/uploads\/2025\/10\/portfoliochil-1-1.jpg","datePublished":"2025-10-15T08:16:35+00:00","dateModified":"2026-01-13T16:21:05+00:00","description":"Transforma tus sue\u00f1os en realidad con GPO Inversiones: dise\u00f1o arquitect\u00f3nico que refleja tu estilo y visi\u00f3n personal. Cont\u00e1ctanos para una consulta gratuita.","breadcrumb":{"@id":"https:\/\/gpoinversiones.com\/en\/servicios\/proyectos\/#breadcrumb"},"inLanguage":"en-US","potentialAction":[{"@type":"ReadAction","target":["https:\/\/gpoinversiones.com\/en\/servicios\/proyectos\/"]}]},{"@type":"ImageObject","inLanguage":"en-US","@id":"https:\/\/gpoinversiones.com\/en\/servicios\/proyectos\/#primaryimage","url":"https:\/\/gpoinversiones.com\/wp-content\/uploads\/2025\/10\/portfoliochil-1-1.jpg","contentUrl":"https:\/\/gpoinversiones.com\/wp-content\/uploads\/2025\/10\/portfoliochil-1-1.jpg","width":1512,"height":851},{"@type":"BreadcrumbList","@id":"https:\/\/gpoinversiones.com\/en\/servicios\/proyectos\/#breadcrumb","itemListElement":[{"@type":"ListItem","position":1,"name":"Portada","item":"https:\/\/gpoinversiones.com\/en\/"},{"@type":"ListItem","position":2,"name":"Servicios","item":"https:\/\/gpoinversiones.com\/en\/servicios\/"},{"@type":"ListItem","position":3,"name":"PROYECTOS"}]},{"@type":"WebSite","@id":"https:\/\/gpoinversiones.com\/en\/#website","url":"https:\/\/gpoinversiones.com\/en\/","name":"GPO Inversiones","description":"Asesor inmobiliario","publisher":{"@id":"https:\/\/gpoinversiones.com\/en\/#organization"},"potentialAction":[{"@type":"SearchAction","target":{"@type":"EntryPoint","urlTemplate":"https:\/\/gpoinversiones.com\/en\/?s={search_term_string}"},"query-input":{"@type":"PropertyValueSpecification","valueRequired":true,"valueName":"search_term_string"}}],"inLanguage":"en-US"},{"@type":"Organization","@id":"https:\/\/gpoinversiones.com\/en\/#organization","name":"GPO Inversiones","url":"https:\/\/gpoinversiones.com\/en\/","logo":{"@type":"ImageObject","inLanguage":"en-US","@id":"https:\/\/gpoinversiones.com\/en\/#\/schema\/logo\/image\/","url":"https:\/\/gpoinversiones.com\/wp-content\/uploads\/2025\/10\/68ef5275cf36b_Imagen-de-WhatsApp-2025-10-13-a-las-16.35.28_658b42f7.png","contentUrl":"https:\/\/gpoinversiones.com\/wp-content\/uploads\/2025\/10\/68ef5275cf36b_Imagen-de-WhatsApp-2025-10-13-a-las-16.35.28_658b42f7.png","width":1024,"height":1024,"caption":"GPO Inversiones"},"image":{"@id":"https:\/\/gpoinversiones.com\/en\/#\/schema\/logo\/image\/"}}]}},"_links":{"self":[{"href":"https:\/\/gpoinversiones.com\/en\/wp-json\/wp\/v2\/pages\/470","targetHints":{"allow":["GET"]}}],"collection":[{"href":"https:\/\/gpoinversiones.com\/en\/wp-json\/wp\/v2\/pages"}],"about":[{"href":"https:\/\/gpoinversiones.com\/en\/wp-json\/wp\/v2\/types\/page"}],"author":[{"embeddable":true,"href":"https:\/\/gpoinversiones.com\/en\/wp-json\/wp\/v2\/users\/1"}],"replies":[{"embeddable":true,"href":"https:\/\/gpoinversiones.com\/en\/wp-json\/wp\/v2\/comments?post=470"}],"version-history":[{"count":16,"href":"https:\/\/gpoinversiones.com\/en\/wp-json\/wp\/v2\/pages\/470\/revisions"}],"predecessor-version":[{"id":1512,"href":"https:\/\/gpoinversiones.com\/en\/wp-json\/wp\/v2\/pages\/470\/revisions\/1512"}],"up":[{"embeddable":true,"href":"https:\/\/gpoinversiones.com\/en\/wp-json\/wp\/v2\/pages\/472"}],"wp:featuredmedia":[{"embeddable":true,"href":"https:\/\/gpoinversiones.com\/en\/wp-json\/wp\/v2\/media\/337"}],"wp:attachment":[{"href":"https:\/\/gpoinversiones.com\/en\/wp-json\/wp\/v2\/media?parent=470"}],"curies":[{"name":"wp","href":"https:\/\/api.w.org\/{rel}","templated":true}]}}